{"id":188,"date":"2021-09-01T10:42:51","date_gmt":"2021-09-01T10:42:51","guid":{"rendered":"https:\/\/itbusiness.liquid-themes.com\/elementor\/?page_id=188"},"modified":"2025-11-16T08:14:41","modified_gmt":"2025-11-16T08:14:41","slug":"corporate","status":"publish","type":"page","link":"https:\/\/adelpak.com\/en\/corporate\/","title":{"rendered":"Corporate"},"content":{"rendered":"\t\t<div data-elementor-type=\"wp-page\" data-elementor-id=\"188\" class=\"elementor elementor-188\">\n\t\t\t\t<div class=\"elementor-element elementor-element-4d601ab e-flex e-con-boxed wpr-particle-no wpr-jarallax-no wpr-parallax-no wpr-sticky-section-no e-con e-parent\" data-id=\"4d601ab\" data-element_type=\"container\" data-settings=\"{&quot;background_background&quot;:&quot;classic&quot;}\">\n\t\t\t\t\t<div class=\"e-con-inner\">\n\t\t\t\t<div class=\"elementor-element elementor-element-354809a elementor-view-default elementor-widget elementor-widget-icon\" data-id=\"354809a\" data-element_type=\"widget\" data-widget_type=\"icon.default\">\n\t\t\t\t<div class=\"elementor-widget-container\">\n\t\t\t\t\t\t\t<div class=\"elementor-icon-wrapper\">\n\t\t\t<div class=\"elementor-icon\">\n\t\t\t<i aria-hidden=\"true\" class=\"fas fa-arrow-alt-circle-down\"><\/i>\t\t\t<\/div>\n\t\t<\/div>\n\t\t\t\t\t\t<\/div>\n\t\t\t\t<\/div>\n\t\t\t\t\t<\/div>\n\t\t\t\t<\/div>\n\t\t\t\t<section class=\"elementor-section elementor-top-section elementor-element elementor-element-c06f8ae elementor-section-height-min-height elementor-section-boxed elementor-section-height-default elementor-section-items-middle wpr-particle-no wpr-jarallax-no wpr-parallax-no wpr-sticky-section-no\" data-id=\"c06f8ae\" data-element_type=\"section\">\n\t\t\t\t\t\t<div class=\"elementor-container elementor-column-gap-default\">\n\t\t\t\t\t<div class=\"elementor-column elementor-col-50 elementor-top-column elementor-element elementor-element-d0124fe\" data-id=\"d0124fe\" data-element_type=\"column\">\n\t\t\t<div class=\"elementor-widget-wrap elementor-element-populated\">\n\t\t\t\t\t\t<div class=\"elementor-element elementor-element-da25ab2 elementor-widget__width-auto elementor-widget elementor-widget-hub_fancy_heading\" data-id=\"da25ab2\" data-element_type=\"widget\" data-widget_type=\"hub_fancy_heading.default\">\n\t\t\t\t<div class=\"elementor-widget-container\">\n\t\t\t\t\t\n\t\t<div id=\"ld-fancy-heading-69e010af9b735\" class=\"ld-fancy-heading pos-rel\">\n\t\t\t<h6 class=\"ld-fh-element d-inline-block pos-rel  elementor-heading-title lqd-highlight-classic lqd-highlight-grow-left h6\"  > Adelpak Ambalaj<\/h6>\t\t<\/div>\n\n\t\t\t\t\t\t<\/div>\n\t\t\t\t<\/div>\n\t\t\t\t<div class=\"elementor-element elementor-element-879b6e8 elementor-widget elementor-widget-text-editor\" data-id=\"879b6e8\" data-element_type=\"widget\" data-widget_type=\"text-editor.default\">\n\t\t\t\t<div class=\"elementor-widget-container\">\n\t\t\t\t\t\t\t\t\t<p data-path-to-node=\"1\"><b>Adelpak Ambalaj is a brand that prioritizes quality and service in the flexible packaging industry, offering reliable, global-scale solutions.<\/b><\/p><p data-path-to-node=\"2\">Our brand, which combines <b>quality, design, and functionality<\/b> in the packaging world, makes a difference in the industry with solutions such as:<\/p><ul data-path-to-node=\"3\"><li><p data-path-to-node=\"3,0,0\"><b>Doypack (Stand-Up Pouch)<\/b><\/p><\/li><li><p data-path-to-node=\"3,1,0\"><b>Three-Side Seal Bag<\/b> (\u00dc\u00e7 Kenar Kaynakl\u0131 Po\u015fet)<\/p><\/li><li><p data-path-to-node=\"3,2,0\"><b>Pillow Bag<\/b> (S\u0131rttan Kaynakl\u0131 \u2013 Yast\u0131k Po\u015fet)<\/p><\/li><li><p data-path-to-node=\"3,3,0\"><b>Quad Seal Bag<\/b> (D\u00f6rt Kenar Kaynakl\u0131 Po\u015fet)<\/p><\/li><li><p data-path-to-node=\"3,4,0\"><b>Flat Bottom Pouch<\/b> (\u00dc\u00e7 Taraf\u0131 K\u00f6r\u00fckl\u00fc Po\u015fet)<\/p><\/li><li><p data-path-to-node=\"3,5,0\"><b>Spout Pouch<\/b> (Musluklu Po\u015fet)<\/p><\/li><\/ul><p data-path-to-node=\"4\">Adopting an innovative approach in the flexible packaging sector, we develop <b>custom packaging solutions<\/b> for brands operating in various industries.<\/p><p data-path-to-node=\"5\">We offer packaging alternatives that enhance your brand\u2019s value across numerous categories, including <b>Food, Agriculture, Nuts, Coffee, Spices, Snacks, Pet Products, Health &amp; Cosmetics, Cleaning &amp; Hygiene,<\/b> and many others.<\/p><p data-path-to-node=\"6\">With our modern infrastructure and high-quality printing, we produce durable and aesthetic pouch solutions that stand out on shelves and feature strong barrier properties.<\/p><p data-path-to-node=\"7\">We plan and determine all details\u2014such as <b>dimensions, material structure, and pouch features<\/b> (e.g., zipper, zip-lock, spout)\u2014in accordance with your brand\u2019s specific expectations.<\/p><p data-path-to-node=\"8\">We continue to be a reliable business partner for both local and international brands, offering export-suitable packaging solutions that comply with global market standards.<\/p><p data-path-to-node=\"9\">Our goal is not just to produce packaging; it is to provide <b>strategic and effective packaging solutions that boost your brand&#8217;s marketing power.<\/b><\/p>\t\t\t\t\t\t\t\t<\/div>\n\t\t\t\t<\/div>\n\t\t\t\t\t<\/div>\n\t\t<\/div>\n\t\t\t\t<div class=\"elementor-column elementor-col-50 elementor-top-column elementor-element elementor-element-5e1ed5c elementor-hidden-tablet elementor-hidden-mobile\" data-id=\"5e1ed5c\" data-element_type=\"column\">\n\t\t\t<div class=\"elementor-widget-wrap elementor-element-populated\">\n\t\t\t\t\t\t<div class=\"elementor-element elementor-element-0de80bf elementor-widget elementor-widget-image\" data-id=\"0de80bf\" data-element_type=\"widget\" data-widget_type=\"image.default\">\n\t\t\t\t<div class=\"elementor-widget-container\">\n\t\t\t\t\t\t\t\t\t\t\t\t\t\t\t<img fetchpriority=\"high\" decoding=\"async\" width=\"780\" height=\"378\" src=\"https:\/\/adelpak.com\/en\/wp-content\/uploads\/2021\/08\/adel-pack-logo-r-1024x496.png\" class=\"attachment-large size-large wp-image-3426\" alt=\"\" srcset=\"https:\/\/adelpak.com\/en\/wp-content\/uploads\/2021\/08\/adel-pack-logo-r-1024x496.png 1024w, https:\/\/adelpak.com\/en\/wp-content\/uploads\/2021\/08\/adel-pack-logo-r-300x145.png 300w, https:\/\/adelpak.com\/en\/wp-content\/uploads\/2021\/08\/adel-pack-logo-r.png 1500w\" sizes=\"(max-width: 780px) 100vw, 780px\" \/>\t\t\t\t\t\t\t\t\t\t\t\t\t\t\t<\/div>\n\t\t\t\t<\/div>\n\t\t\t\t\t<\/div>\n\t\t<\/div>\n\t\t\t\t\t<\/div>\n\t\t<\/section>\n\t\t\t\t<\/div>\n\t\t","protected":false},"excerpt":{"rendered":"<p>Adelpak Ambalaj Adelpak Ambalaj is a brand that prioritizes quality and service in the flexible packaging industry, offering reliable, global-scale solutions. Our brand, which combines quality, design, and functionality in the packaging world, makes a difference in the industry with solutions such as: Doypack (Stand-Up Pouch) Three-Side Seal Bag (\u00dc\u00e7 Kenar Kaynakl\u0131 Po\u015fet) Pillow Bag (S\u0131rttan Kaynakl\u0131 \u2013 Yast\u0131k Po\u015fet) Quad Seal Bag (D\u00f6rt Kenar Kaynakl\u0131 Po\u015fet) Flat Bottom Pouch (\u00dc\u00e7 Taraf\u0131 K\u00f6r\u00fckl\u00fc Po\u015fet) Spout Pouch (Musluklu Po\u015fet) Adopting an innovative approach in the flexible packaging sector, we develop custom packaging solutions for brands operating in various industries. We offer packaging alternatives that enhance your brand\u2019s value across numerous categories, including Food, Agriculture, Nuts, Coffee, Spices, Snacks, Pet Products, Health &amp; Cosmetics, Cleaning &amp; Hygiene, and many others. With our modern infrastructure and high-quality printing, we produce durable and aesthetic pouch solutions that stand out on shelves and feature strong barrier properties. We plan and determine all details\u2014such as dimensions, material structure, and pouch features (e.g., zipper, zip-lock, spout)\u2014in accordance with your brand\u2019s specific expectations. We continue to be a reliable business partner for both local and international brands, offering export-suitable packaging solutions that comply with global market standards. Our goal is not just to produce packaging; it is to provide strategic and effective packaging solutions that boost your brand&#8217;s marketing power.<\/p>\n","protected":false},"author":1,"featured_media":0,"parent":0,"menu_order":0,"comment_status":"closed","ping_status":"closed","template":"","meta":{"footnotes":""},"class_list":["post-188","page","type-page","status-publish","hentry"],"yoast_head":"<!-- This site is optimized with the Yoast SEO plugin v26.4 - https:\/\/yoast.com\/wordpress\/plugins\/seo\/ -->\n<title>Corporate - Adelpak Ambalaj<\/title>\n<meta name=\"robots\" content=\"index, follow, max-snippet:-1, max-image-preview:large, max-video-preview:-1\" \/>\n<link rel=\"canonical\" href=\"https:\/\/adelpak.com\/en\/corporate\/\" \/>\n<meta property=\"og:locale\" content=\"tr_TR\" \/>\n<meta property=\"og:type\" content=\"article\" \/>\n<meta property=\"og:title\" content=\"Corporate - Adelpak Ambalaj\" \/>\n<meta property=\"og:description\" content=\"Adelpak Ambalaj Adelpak Ambalaj is a brand that prioritizes quality and service in the flexible packaging industry, offering reliable, global-scale solutions. Our brand, which combines quality, design, and functionality in the packaging world, makes a difference in the industry with solutions such as: Doypack (Stand-Up Pouch) Three-Side Seal Bag (\u00dc\u00e7 Kenar Kaynakl\u0131 Po\u015fet) Pillow Bag (S\u0131rttan Kaynakl\u0131 \u2013 Yast\u0131k Po\u015fet) Quad Seal Bag (D\u00f6rt Kenar Kaynakl\u0131 Po\u015fet) Flat Bottom Pouch (\u00dc\u00e7 Taraf\u0131 K\u00f6r\u00fckl\u00fc Po\u015fet) Spout Pouch (Musluklu Po\u015fet) Adopting an innovative approach in the flexible packaging sector, we develop custom packaging solutions for brands operating in various industries. We offer packaging alternatives that enhance your brand\u2019s value across numerous categories, including Food, Agriculture, Nuts, Coffee, Spices, Snacks, Pet Products, Health &amp; Cosmetics, Cleaning &amp; Hygiene, and many others. With our modern infrastructure and high-quality printing, we produce durable and aesthetic pouch solutions that stand out on shelves and feature strong barrier properties. We plan and determine all details\u2014such as dimensions, material structure, and pouch features (e.g., zipper, zip-lock, spout)\u2014in accordance with your brand\u2019s specific expectations. We continue to be a reliable business partner for both local and international brands, offering export-suitable packaging solutions that comply with global market standards. Our goal is not just to produce packaging; it is to provide strategic and effective packaging solutions that boost your brand&#8217;s marketing power.\" \/>\n<meta property=\"og:url\" content=\"https:\/\/adelpak.com\/en\/corporate\/\" \/>\n<meta property=\"og:site_name\" content=\"Adelpak Ambalaj\" \/>\n<meta property=\"article:modified_time\" content=\"2025-11-16T08:14:41+00:00\" \/>\n<meta property=\"og:image\" content=\"https:\/\/adelpak.com\/en\/wp-content\/uploads\/2021\/08\/adel-pack-logo-r.png\" \/>\n\t<meta property=\"og:image:width\" content=\"1500\" \/>\n\t<meta property=\"og:image:height\" content=\"726\" \/>\n\t<meta property=\"og:image:type\" content=\"image\/png\" \/>\n<meta name=\"twitter:card\" content=\"summary_large_image\" \/>\n<meta name=\"twitter:label1\" content=\"Tahmini okuma s\u00fcresi\" \/>\n\t<meta name=\"twitter:data1\" content=\"2 dakika\" \/>\n<script type=\"application\/ld+json\" class=\"yoast-schema-graph\">{\"@context\":\"https:\/\/schema.org\",\"@graph\":[{\"@type\":\"WebPage\",\"@id\":\"https:\/\/adelpak.com\/en\/corporate\/\",\"url\":\"https:\/\/adelpak.com\/en\/corporate\/\",\"name\":\"Corporate - Adelpak Ambalaj\",\"isPartOf\":{\"@id\":\"https:\/\/adelpak.com\/en\/#website\"},\"primaryImageOfPage\":{\"@id\":\"https:\/\/adelpak.com\/en\/corporate\/#primaryimage\"},\"image\":{\"@id\":\"https:\/\/adelpak.com\/en\/corporate\/#primaryimage\"},\"thumbnailUrl\":\"https:\/\/adelpak.com\/en\/wp-content\/uploads\/2021\/08\/adel-pack-logo-r-1024x496.png\",\"datePublished\":\"2021-09-01T10:42:51+00:00\",\"dateModified\":\"2025-11-16T08:14:41+00:00\",\"breadcrumb\":{\"@id\":\"https:\/\/adelpak.com\/en\/corporate\/#breadcrumb\"},\"inLanguage\":\"tr\",\"potentialAction\":[{\"@type\":\"ReadAction\",\"target\":[\"https:\/\/adelpak.com\/en\/corporate\/\"]}]},{\"@type\":\"ImageObject\",\"inLanguage\":\"tr\",\"@id\":\"https:\/\/adelpak.com\/en\/corporate\/#primaryimage\",\"url\":\"https:\/\/adelpak.com\/en\/wp-content\/uploads\/2021\/08\/adel-pack-logo-r.png\",\"contentUrl\":\"https:\/\/adelpak.com\/en\/wp-content\/uploads\/2021\/08\/adel-pack-logo-r.png\",\"width\":1500,\"height\":726},{\"@type\":\"BreadcrumbList\",\"@id\":\"https:\/\/adelpak.com\/en\/corporate\/#breadcrumb\",\"itemListElement\":[{\"@type\":\"ListItem\",\"position\":1,\"name\":\"Anasayfa\",\"item\":\"https:\/\/adelpak.com\/en\/\"},{\"@type\":\"ListItem\",\"position\":2,\"name\":\"Corporate\"}]},{\"@type\":\"WebSite\",\"@id\":\"https:\/\/adelpak.com\/en\/#website\",\"url\":\"https:\/\/adelpak.com\/en\/\",\"name\":\"Adelpak\",\"description\":\"\",\"publisher\":{\"@id\":\"https:\/\/adelpak.com\/en\/#organization\"},\"alternateName\":\"Doypack Packaging\",\"potentialAction\":[{\"@type\":\"SearchAction\",\"target\":{\"@type\":\"EntryPoint\",\"urlTemplate\":\"https:\/\/adelpak.com\/en\/?s={search_term_string}\"},\"query-input\":{\"@type\":\"PropertyValueSpecification\",\"valueRequired\":true,\"valueName\":\"search_term_string\"}}],\"inLanguage\":\"tr\"},{\"@type\":\"Organization\",\"@id\":\"https:\/\/adelpak.com\/en\/#organization\",\"name\":\"Adelpak\",\"alternateName\":\"Doypack Ambalaj\",\"url\":\"https:\/\/adelpak.com\/en\/\",\"logo\":{\"@type\":\"ImageObject\",\"inLanguage\":\"tr\",\"@id\":\"https:\/\/adelpak.com\/en\/#\/schema\/logo\/image\/\",\"url\":\"\",\"contentUrl\":\"\",\"caption\":\"Adelpak\"},\"image\":{\"@id\":\"https:\/\/adelpak.com\/en\/#\/schema\/logo\/image\/\"}}]}<\/script>\n<!-- \/ Yoast SEO plugin. -->","yoast_head_json":{"title":"Corporate - Adelpak Ambalaj","robots":{"index":"index","follow":"follow","max-snippet":"max-snippet:-1","max-image-preview":"max-image-preview:large","max-video-preview":"max-video-preview:-1"},"canonical":"https:\/\/adelpak.com\/en\/corporate\/","og_locale":"tr_TR","og_type":"article","og_title":"Corporate - Adelpak Ambalaj","og_description":"Adelpak Ambalaj Adelpak Ambalaj is a brand that prioritizes quality and service in the flexible packaging industry, offering reliable, global-scale solutions. Our brand, which combines quality, design, and functionality in the packaging world, makes a difference in the industry with solutions such as: Doypack (Stand-Up Pouch) Three-Side Seal Bag (\u00dc\u00e7 Kenar Kaynakl\u0131 Po\u015fet) Pillow Bag (S\u0131rttan Kaynakl\u0131 \u2013 Yast\u0131k Po\u015fet) Quad Seal Bag (D\u00f6rt Kenar Kaynakl\u0131 Po\u015fet) Flat Bottom Pouch (\u00dc\u00e7 Taraf\u0131 K\u00f6r\u00fckl\u00fc Po\u015fet) Spout Pouch (Musluklu Po\u015fet) Adopting an innovative approach in the flexible packaging sector, we develop custom packaging solutions for brands operating in various industries. We offer packaging alternatives that enhance your brand\u2019s value across numerous categories, including Food, Agriculture, Nuts, Coffee, Spices, Snacks, Pet Products, Health &amp; Cosmetics, Cleaning &amp; Hygiene, and many others. With our modern infrastructure and high-quality printing, we produce durable and aesthetic pouch solutions that stand out on shelves and feature strong barrier properties. We plan and determine all details\u2014such as dimensions, material structure, and pouch features (e.g., zipper, zip-lock, spout)\u2014in accordance with your brand\u2019s specific expectations. We continue to be a reliable business partner for both local and international brands, offering export-suitable packaging solutions that comply with global market standards. Our goal is not just to produce packaging; it is to provide strategic and effective packaging solutions that boost your brand&#8217;s marketing power.","og_url":"https:\/\/adelpak.com\/en\/corporate\/","og_site_name":"Adelpak Ambalaj","article_modified_time":"2025-11-16T08:14:41+00:00","og_image":[{"width":1500,"height":726,"url":"https:\/\/adelpak.com\/en\/wp-content\/uploads\/2021\/08\/adel-pack-logo-r.png","type":"image\/png"}],"twitter_card":"summary_large_image","twitter_misc":{"Tahmini okuma s\u00fcresi":"2 dakika"},"schema":{"@context":"https:\/\/schema.org","@graph":[{"@type":"WebPage","@id":"https:\/\/adelpak.com\/en\/corporate\/","url":"https:\/\/adelpak.com\/en\/corporate\/","name":"Corporate - Adelpak Ambalaj","isPartOf":{"@id":"https:\/\/adelpak.com\/en\/#website"},"primaryImageOfPage":{"@id":"https:\/\/adelpak.com\/en\/corporate\/#primaryimage"},"image":{"@id":"https:\/\/adelpak.com\/en\/corporate\/#primaryimage"},"thumbnailUrl":"https:\/\/adelpak.com\/en\/wp-content\/uploads\/2021\/08\/adel-pack-logo-r-1024x496.png","datePublished":"2021-09-01T10:42:51+00:00","dateModified":"2025-11-16T08:14:41+00:00","breadcrumb":{"@id":"https:\/\/adelpak.com\/en\/corporate\/#breadcrumb"},"inLanguage":"tr","potentialAction":[{"@type":"ReadAction","target":["https:\/\/adelpak.com\/en\/corporate\/"]}]},{"@type":"ImageObject","inLanguage":"tr","@id":"https:\/\/adelpak.com\/en\/corporate\/#primaryimage","url":"https:\/\/adelpak.com\/en\/wp-content\/uploads\/2021\/08\/adel-pack-logo-r.png","contentUrl":"https:\/\/adelpak.com\/en\/wp-content\/uploads\/2021\/08\/adel-pack-logo-r.png","width":1500,"height":726},{"@type":"BreadcrumbList","@id":"https:\/\/adelpak.com\/en\/corporate\/#breadcrumb","itemListElement":[{"@type":"ListItem","position":1,"name":"Anasayfa","item":"https:\/\/adelpak.com\/en\/"},{"@type":"ListItem","position":2,"name":"Corporate"}]},{"@type":"WebSite","@id":"https:\/\/adelpak.com\/en\/#website","url":"https:\/\/adelpak.com\/en\/","name":"Adelpak","description":"","publisher":{"@id":"https:\/\/adelpak.com\/en\/#organization"},"alternateName":"Doypack Packaging","potentialAction":[{"@type":"SearchAction","target":{"@type":"EntryPoint","urlTemplate":"https:\/\/adelpak.com\/en\/?s={search_term_string}"},"query-input":{"@type":"PropertyValueSpecification","valueRequired":true,"valueName":"search_term_string"}}],"inLanguage":"tr"},{"@type":"Organization","@id":"https:\/\/adelpak.com\/en\/#organization","name":"Adelpak","alternateName":"Doypack Ambalaj","url":"https:\/\/adelpak.com\/en\/","logo":{"@type":"ImageObject","inLanguage":"tr","@id":"https:\/\/adelpak.com\/en\/#\/schema\/logo\/image\/","url":"","contentUrl":"","caption":"Adelpak"},"image":{"@id":"https:\/\/adelpak.com\/en\/#\/schema\/logo\/image\/"}}]}},"_links":{"self":[{"href":"https:\/\/adelpak.com\/en\/wp-json\/wp\/v2\/pages\/188","targetHints":{"allow":["GET"]}}],"collection":[{"href":"https:\/\/adelpak.com\/en\/wp-json\/wp\/v2\/pages"}],"about":[{"href":"https:\/\/adelpak.com\/en\/wp-json\/wp\/v2\/types\/page"}],"author":[{"embeddable":true,"href":"https:\/\/adelpak.com\/en\/wp-json\/wp\/v2\/users\/1"}],"replies":[{"embeddable":true,"href":"https:\/\/adelpak.com\/en\/wp-json\/wp\/v2\/comments?post=188"}],"version-history":[{"count":75,"href":"https:\/\/adelpak.com\/en\/wp-json\/wp\/v2\/pages\/188\/revisions"}],"predecessor-version":[{"id":3786,"href":"https:\/\/adelpak.com\/en\/wp-json\/wp\/v2\/pages\/188\/revisions\/3786"}],"wp:attachment":[{"href":"https:\/\/adelpak.com\/en\/wp-json\/wp\/v2\/media?parent=188"}],"curies":[{"name":"wp","href":"https:\/\/api.w.org\/{rel}","templated":true}]}}