{"id":256,"date":"2021-09-03T07:36:58","date_gmt":"2021-09-03T07:36:58","guid":{"rendered":"https:\/\/itbusiness.liquid-themes.com\/elementor\/?page_id=256"},"modified":"2025-11-16T07:50:14","modified_gmt":"2025-11-16T07:50:14","slug":"contact","status":"publish","type":"page","link":"https:\/\/adelpak.com\/en\/contact\/","title":{"rendered":"Contact"},"content":{"rendered":"\t\t<div data-elementor-type=\"wp-page\" data-elementor-id=\"256\" class=\"elementor elementor-256\">\n\t\t\t\t\t\t<section class=\"elementor-section elementor-top-section elementor-element elementor-element-450f1d5a elementor-section-full_width elementor-section-height-default elementor-section-height-default wpr-particle-no wpr-jarallax-no wpr-parallax-no wpr-sticky-section-no\" data-id=\"450f1d5a\" data-element_type=\"section\">\n\t\t\t\t\t\t<div class=\"elementor-container elementor-column-gap-default\">\n\t\t\t\t\t<div class=\"elementor-column elementor-col-100 elementor-top-column elementor-element elementor-element-1ce73e9f\" data-id=\"1ce73e9f\" data-element_type=\"column\">\n\t\t\t<div class=\"elementor-widget-wrap elementor-element-populated\">\n\t\t\t\t\t\t<div class=\"elementor-element elementor-element-4b32969f elementor-widget elementor-widget-hub_fancy_heading\" data-id=\"4b32969f\" data-element_type=\"widget\" data-widget_type=\"hub_fancy_heading.default\">\n\t\t\t\t<div class=\"elementor-widget-container\">\n\t\t\t\t\t\n\t\t<div id=\"ld-fancy-heading-69e01061d4853\" class=\"ld-fancy-heading pos-rel\">\n\t\t\t<h2 class=\"ld-fh-element d-inline-block pos-rel  elementor-heading-title lqd-highlight-classic lqd-highlight-grow-left h2\"  > contact us<\/h2>\t\t<\/div>\n\n\t\t\t\t\t\t<\/div>\n\t\t\t\t<\/div>\n\t\t\t\t<div class=\"elementor-element elementor-element-3a33f8b elementor-widget elementor-widget-hub_fancy_heading\" data-id=\"3a33f8b\" data-element_type=\"widget\" data-widget_type=\"hub_fancy_heading.default\">\n\t\t\t\t<div class=\"elementor-widget-container\">\n\t\t\t\t\t\n\t\t<div id=\"ld-fancy-heading-69e01061d5700\" class=\"ld-fancy-heading pos-rel\">\n\t\t\t<h6 class=\"ld-fh-element d-inline-block pos-rel  elementor-heading-title lqd-highlight-classic lqd-highlight-grow-left h6\"  > home - contact<\/h6>\t\t<\/div>\n\n\t\t\t\t\t\t<\/div>\n\t\t\t\t<\/div>\n\t\t\t\t\t<\/div>\n\t\t<\/div>\n\t\t\t\t\t<\/div>\n\t\t<\/section>\n\t\t<div class=\"elementor-element elementor-element-cc53dd4 e-flex e-con-boxed wpr-particle-no wpr-jarallax-no wpr-parallax-no wpr-sticky-section-no e-con e-parent\" data-id=\"cc53dd4\" data-element_type=\"container\" data-settings=\"{&quot;background_background&quot;:&quot;classic&quot;}\">\n\t\t\t\t\t<div class=\"e-con-inner\">\n\t\t\t\t<div class=\"elementor-element elementor-element-21ba972 elementor-view-default elementor-widget elementor-widget-icon\" data-id=\"21ba972\" data-element_type=\"widget\" data-widget_type=\"icon.default\">\n\t\t\t\t<div class=\"elementor-widget-container\">\n\t\t\t\t\t\t\t<div class=\"elementor-icon-wrapper\">\n\t\t\t<div class=\"elementor-icon\">\n\t\t\t<i aria-hidden=\"true\" class=\"fas fa-arrow-alt-circle-down\"><\/i>\t\t\t<\/div>\n\t\t<\/div>\n\t\t\t\t\t\t<\/div>\n\t\t\t\t<\/div>\n\t\t\t\t\t<\/div>\n\t\t\t\t<\/div>\n\t\t\t\t<section class=\"elementor-section elementor-top-section elementor-element elementor-element-5d4f5fcc elementor-section-content-middle elementor-section-boxed elementor-section-height-default elementor-section-height-default wpr-particle-no wpr-jarallax-no wpr-parallax-no wpr-sticky-section-no\" data-id=\"5d4f5fcc\" data-element_type=\"section\">\n\t\t\t\t\t\t<div class=\"elementor-container elementor-column-gap-custom\">\n\t\t\t\t\t<div class=\"elementor-column elementor-col-50 elementor-top-column elementor-element elementor-element-7e7dfa75\" data-id=\"7e7dfa75\" data-element_type=\"column\">\n\t\t\t<div class=\"elementor-widget-wrap elementor-element-populated\">\n\t\t\t\t\t\t<div class=\"elementor-element elementor-element-230280e elementor-widget__width-auto elementor-widget elementor-widget-hub_fancy_heading\" data-id=\"230280e\" data-element_type=\"widget\" data-widget_type=\"hub_fancy_heading.default\">\n\t\t\t\t<div class=\"elementor-widget-container\">\n\t\t\t\t\t\n\t\t<div id=\"ld-fancy-heading-69e01061d6cc3\" class=\"ld-fancy-heading pos-rel\">\n\t\t\t<h6 class=\"ld-fh-element d-inline-block pos-rel  elementor-heading-title lqd-highlight-classic lqd-highlight-grow-left h6\"  > Adelpak Ambalaj<\/h6>\t\t<\/div>\n\n\t\t\t\t\t\t<\/div>\n\t\t\t\t<\/div>\n\t\t\t\t<div class=\"elementor-element elementor-element-eeb6f04 elementor-widget elementor-widget-heading\" data-id=\"eeb6f04\" data-element_type=\"widget\" data-widget_type=\"heading.default\">\n\t\t\t\t<div class=\"elementor-widget-container\">\n\t\t\t\t\t<h2 class=\"elementor-heading-title elementor-size-default\">Contact Us<\/h2>\t\t\t\t<\/div>\n\t\t\t\t<\/div>\n\t\t\t\t<div class=\"elementor-element elementor-element-ab2481d elementor-align-left elementor-widget elementor-widget-ld_icon_box\" data-id=\"ab2481d\" data-element_type=\"widget\" data-widget_type=\"ld_icon_box.default\">\n\t\t\t\t<div class=\"elementor-widget-container\">\n\t\t\t\t\t\n\t\t\t<div id=\"ld_icon_box_ab2481d\" class=\"iconbox d-flex flex-grow-1 pos-rel align-items-center iconbox-side iconbox-icon-shaped iconbox-square\"   >\n\n\t\t\t\t\n\t\t\t\t<div class=\"iconbox-icon-wrap  \"><div class=\"iconbox-icon-container d-inline-flex pos-rel z-index-1 \"><i aria-hidden=\"true\" class=\"fas fa-phone-alt\"><\/i><\/div><\/div>\n\t\t\t\t\n\t\t\t\t<div class=\"contents \">\n\t\t\t\t\n\t\t\t\t<h3 class=\"lqd-iconbox-heading \" >Phone <\/h3>\t\t\t\t<p>+90 530 389 88 00<\/p>\n\t\t\t\t\n\t\t\t\t<\/div>\n\t\t\t\t\n\t\t\t<\/div>\n\n\t\t\t\t\t\t<\/div>\n\t\t\t\t<\/div>\n\t\t\t\t<div class=\"elementor-element elementor-element-e2fa0d2 elementor-align-left elementor-widget elementor-widget-ld_icon_box\" data-id=\"e2fa0d2\" data-element_type=\"widget\" data-widget_type=\"ld_icon_box.default\">\n\t\t\t\t<div class=\"elementor-widget-container\">\n\t\t\t\t\t\n\t\t\t<div id=\"ld_icon_box_e2fa0d2\" class=\"iconbox d-flex flex-grow-1 pos-rel align-items-center iconbox-side iconbox-icon-shaped iconbox-square\"   >\n\n\t\t\t\t\n\t\t\t\t<div class=\"iconbox-icon-wrap  \"><div class=\"iconbox-icon-container d-inline-flex pos-rel z-index-1 \"><i aria-hidden=\"true\" class=\"far fa-envelope\"><\/i><\/div><\/div>\n\t\t\t\t\n\t\t\t\t<div class=\"contents \">\n\t\t\t\t\n\t\t\t\t<h3 class=\"lqd-iconbox-heading \" >E-Mail <\/h3>\t\t\t\t<p>info@adelpak.com<\/p>\n\t\t\t\t\n\t\t\t\t<\/div>\n\t\t\t\t\n\t\t\t<\/div>\n\n\t\t\t\t\t\t<\/div>\n\t\t\t\t<\/div>\n\t\t\t\t<div class=\"elementor-element elementor-element-4b14a44 elementor-align-left elementor-widget elementor-widget-ld_icon_box\" data-id=\"4b14a44\" data-element_type=\"widget\" data-widget_type=\"ld_icon_box.default\">\n\t\t\t\t<div class=\"elementor-widget-container\">\n\t\t\t\t\t\n\t\t\t<div id=\"ld_icon_box_4b14a44\" class=\"iconbox d-flex flex-grow-1 pos-rel align-items-center iconbox-side iconbox-icon-shaped iconbox-square\"   >\n\n\t\t\t\t\n\t\t\t\t<div class=\"iconbox-icon-wrap  \"><div class=\"iconbox-icon-container d-inline-flex pos-rel z-index-1 \"><i aria-hidden=\"true\" class=\"fas fa-map-marker-alt\"><\/i><\/div><\/div>\n\t\t\t\t\n\t\t\t\t<div class=\"contents \">\n\t\t\t\t\n\t\t\t\t<h3 class=\"lqd-iconbox-heading \" >Address <\/h3>\t\t\t\t<p>Atak\u00f6y Mh. 9.K\u0131s\u0131m Karanfil Sk. D21\/A Blok \u0130\u00e7 Kap\u0131 No: 3 34158 Bak\u0131rk\u00f6y \u2013 T\u00fcrkiye<\/p>\n\t\t\t\t\n\t\t\t\t<\/div>\n\t\t\t\t\n\t\t\t<\/div>\n\n\t\t\t\t\t\t<\/div>\n\t\t\t\t<\/div>\n\t\t\t\t\t<\/div>\n\t\t<\/div>\n\t\t\t\t<div class=\"elementor-column elementor-col-50 elementor-top-column elementor-element elementor-element-6f727471\" data-id=\"6f727471\" data-element_type=\"column\">\n\t\t\t<div class=\"elementor-widget-wrap elementor-element-populated\">\n\t\t\t\t\t\t<div class=\"elementor-element elementor-element-0832676 elementor-widget__width-auto elementor-widget elementor-widget-hub_fancy_heading\" data-id=\"0832676\" data-element_type=\"widget\" data-widget_type=\"hub_fancy_heading.default\">\n\t\t\t\t<div class=\"elementor-widget-container\">\n\t\t\t\t\t\n\t\t<div id=\"ld-fancy-heading-69e01061e88b1\" class=\"ld-fancy-heading pos-rel\">\n\t\t\t<h6 class=\"ld-fh-element d-inline-block pos-rel  elementor-heading-title lqd-highlight-classic lqd-highlight-grow-left h6\"  > Adelpak Ambalaj<\/h6>\t\t<\/div>\n\n\t\t\t\t\t\t<\/div>\n\t\t\t\t<\/div>\n\t\t\t\t<div class=\"elementor-element elementor-element-b75de96 elementor-widget elementor-widget-heading\" data-id=\"b75de96\" data-element_type=\"widget\" data-widget_type=\"heading.default\">\n\t\t\t\t<div class=\"elementor-widget-container\">\n\t\t\t\t\t<h2 class=\"elementor-heading-title elementor-size-default\">Contact Form<\/h2>\t\t\t\t<\/div>\n\t\t\t\t<\/div>\n\t\t\t\t<div class=\"elementor-element elementor-element-e0992a5 elementor-widget elementor-widget-text-editor\" data-id=\"e0992a5\" data-element_type=\"widget\" data-widget_type=\"text-editor.default\">\n\t\t\t\t<div class=\"elementor-widget-container\">\n\t\t\t\t\t\t\t\t\t<div id=\"quform-5bdeff\" class=\"quform quform-1 quform-support-page-caching\"><form id=\"quform-form-5bdeff\" class=\"quform-form quform-form-1\" action=\"\/en\/wp-json\/wp\/v2\/pages\/256#quform-5bdeff\" method=\"post\" enctype=\"multipart\/form-data\" novalidate=\"novalidate\" data-options=\"{&quot;id&quot;:1,&quot;uniqueId&quot;:&quot;5bdeff&quot;,&quot;theme&quot;:&quot;&quot;,&quot;ajax&quot;:true,&quot;logic&quot;:{&quot;logic&quot;:[],&quot;dependents&quot;:[],&quot;elementIds&quot;:[],&quot;dependentElementIds&quot;:[],&quot;animate&quot;:true},&quot;currentPageId&quot;:1,&quot;errorsIcon&quot;:&quot;&quot;,&quot;updateFancybox&quot;:true,&quot;hasPages&quot;:false,&quot;pages&quot;:[1],&quot;pageProgressType&quot;:&quot;numbers&quot;,&quot;tooltipsEnabled&quot;:true,&quot;tooltipClasses&quot;:&quot;qtip-quform-dark qtip-shadow&quot;,&quot;tooltipMy&quot;:&quot;left center&quot;,&quot;tooltipAt&quot;:&quot;right center&quot;,&quot;isRtl&quot;:false,&quot;scrollOffset&quot;:-50,&quot;scrollSpeed&quot;:800}\"><button class=\"quform-default-submit\" name=\"quform_submit\" type=\"submit\" value=\"submit\" aria-hidden=\"true\" tabindex=\"-1\"><\/button><div class=\"quform-form-inner quform-form-inner-1\"><input type=\"hidden\" name=\"quform_form_id\" value=\"1\" \/><input type=\"hidden\" name=\"quform_form_uid\" value=\"5bdeff\" \/><input type=\"hidden\" name=\"quform_count\" value=\"1\" \/><input type=\"hidden\" name=\"form_url\" value=\"https:\/\/adelpak.com\/en\/wp-json\/wp\/v2\/pages\/256\" \/><input type=\"hidden\" name=\"referring_url\" value=\"\" \/><input type=\"hidden\" name=\"post_id\" value=\"\" \/><input type=\"hidden\" name=\"post_title\" value=\"\" \/><input type=\"hidden\" name=\"quform_current_page_id\" value=\"1\" \/><input type=\"hidden\" name=\"quform_csrf_token\" value=\"jdFh7FmVITADpn4zeAObOiD5fnjNigxGQsvl8gQo\" \/><div class=\"quform-elements quform-elements-1 quform-cf quform-responsive-elements-phone-landscape\"><div class=\"quform-element quform-element-page quform-page-1 quform-page-1_1 quform-cf quform-group-style-plain quform-first-page quform-last-page quform-current-page\"><div class=\"quform-child-elements\"><div class=\"quform-element quform-element-row quform-element-row-1_3 quform-2-columns quform-element-row-size-fixed quform-responsive-columns-phone-landscape\"><div class=\"quform-element quform-element-column quform-element-1_4\"><div class=\"quform-element quform-element-text quform-element-1_6 quform-cf quform-labels-inside quform-element-required\"><div class=\"quform-spacer\"><div class=\"quform-label quform-label-1_6\"><label class=\"quform-label-text\" for=\"quform_1_6_5bdeff\">\u0130sminiz<span class=\"quform-required\">*<\/span><\/label><\/div><div class=\"quform-inner quform-inner-text quform-inner-1_6\"><div class=\"quform-input quform-input-text quform-input-1_6 quform-cf\"><input type=\"text\" id=\"quform_1_6_5bdeff\" name=\"quform_1_6\" class=\"quform-field quform-field-text quform-field-1_6\" \/><\/div><\/div><\/div><\/div><\/div><div class=\"quform-element quform-element-column quform-element-1_5\"><div class=\"quform-element quform-element-text quform-element-1_7 quform-cf quform-labels-inside quform-element-required\"><div class=\"quform-spacer\"><div class=\"quform-label quform-label-1_7\"><label class=\"quform-label-text\" for=\"quform_1_7_5bdeff\">Telefon<span class=\"quform-required\">*<\/span><\/label><\/div><div class=\"quform-inner quform-inner-text quform-inner-1_7\"><div class=\"quform-input quform-input-text quform-input-1_7 quform-cf\"><input type=\"text\" id=\"quform_1_7_5bdeff\" name=\"quform_1_7\" class=\"quform-field quform-field-text quform-field-1_7\" \/><\/div><\/div><\/div><\/div><\/div><\/div><div class=\"quform-element quform-element-row quform-element-row-1_11 quform-2-columns quform-element-row-size-fixed quform-responsive-columns-phone-landscape\"><div class=\"quform-element quform-element-column quform-element-1_12\"><div class=\"quform-element quform-element-text quform-element-1_19 quform-cf quform-labels-inside quform-element-optional\"><div class=\"quform-spacer\"><div class=\"quform-label quform-label-1_19\"><label class=\"quform-label-text\" for=\"quform_1_19_5bdeff\">\u00dclke<\/label><\/div><div class=\"quform-inner quform-inner-text quform-inner-1_19\"><div class=\"quform-input quform-input-text quform-input-1_19 quform-cf\"><input type=\"text\" id=\"quform_1_19_5bdeff\" name=\"quform_1_19\" class=\"quform-field quform-field-text quform-field-1_19\" \/><\/div><\/div><\/div><\/div><\/div><div class=\"quform-element quform-element-column quform-element-1_14\"><div class=\"quform-element quform-element-email quform-element-1_10 quform-cf quform-labels-inside quform-element-required\"><div class=\"quform-spacer\"><div class=\"quform-label quform-label-1_10\"><label class=\"quform-label-text\" for=\"quform_1_10_5bdeff\">Email<span class=\"quform-required\">*<\/span><\/label><\/div><div class=\"quform-inner quform-inner-email quform-inner-1_10\"><div class=\"quform-input quform-input-email quform-input-1_10 quform-cf\"><input type=\"email\" id=\"quform_1_10_5bdeff\" name=\"quform_1_10\" class=\"quform-field quform-field-email quform-field-1_10\" \/><\/div><\/div><\/div><\/div><\/div><\/div><div class=\"quform-element quform-element-text quform-element-1_8 quform-cf quform-labels-inside quform-element-required\"><div class=\"quform-spacer\"><div class=\"quform-label quform-label-1_8\"><label class=\"quform-label-text\" for=\"quform_1_8_5bdeff\">Konu<span class=\"quform-required\">*<\/span><\/label><\/div><div class=\"quform-inner quform-inner-text quform-inner-1_8\"><div class=\"quform-input quform-input-text quform-input-1_8 quform-cf\"><input type=\"text\" id=\"quform_1_8_5bdeff\" name=\"quform_1_8\" class=\"quform-field quform-field-text quform-field-1_8\" \/><\/div><\/div><\/div><\/div><div class=\"quform-element quform-element-textarea quform-element-1_9 quform-cf quform-labels-inside quform-element-optional\"><div class=\"quform-spacer\"><div class=\"quform-label quform-label-1_9\"><label class=\"quform-label-text\" for=\"quform_1_9_5bdeff\">Mesaj\u0131n\u0131z<\/label><\/div><div class=\"quform-inner quform-inner-textarea quform-inner-1_9\"><div class=\"quform-input quform-input-textarea quform-input-1_9 quform-cf\"><textarea id=\"quform_1_9_5bdeff\" name=\"quform_1_9\" class=\"quform-field quform-field-textarea quform-field-1_9\"><\/textarea><\/div><\/div><\/div><\/div><div class=\"quform-element quform-element-captcha quform-element-1_20 quform-cf quform-labels-inside quform-element-required\"><div class=\"quform-spacer\"><div class=\"quform-label quform-label-1_20\"><label class=\"quform-label-text\" for=\"quform_1_20_5bdeff\">L\u00fctfen karakterleri yaz\u0131n<span class=\"quform-required\">*<\/span><\/label><\/div><div class=\"quform-inner quform-inner-captcha quform-inner-1_20\"><div class=\"quform-input quform-input-captcha quform-input-1_20 quform-cf\"><input type=\"text\" id=\"quform_1_20_5bdeff\" name=\"quform_1_20\" class=\"quform-field quform-field-captcha quform-field-1_20\" \/><\/div><div class=\"quform-captcha quform-cf\"><div class=\"quform-captcha-image quform-captcha-image-1_20\"><img decoding=\"async\" class=\"quform-captcha-image-img\" src=\"data:image\/png;base64,iVBORw0KGgoAAAANSUhEUgAAAOYAAABQBAMAAAD\/1xTgAAAAG1BMVEX\/\/\/8iIiLj4+PHx8esrKyQkJB0dHRZWVk9PT0J7+2gAAAACXBIWXMAAA7EAAAOxAGVKw4bAAADkUlEQVRoge1YS1fTQBROJ0mTpRcqmWWqFbpsAdFlS+WxtPJy2egRWJIDFJdGFPzZ3plJk5m0eVA9ceF85\/SUTu7Md+e7j5lgGBoaGhoaGhr\/Pchpr3ZOF57XzjkEqG2jZNfo7ArOq7o4XboO8NAzugDP6uJsA8ftfv2cDN\/q4mwAPEaC830F85fbJ+eKnZ9vS\/KeOUANM+CcBdM59s6\/cjtPGnNherR4nnkWreYsZEMLPfoIXml92kkQJJI++\/1wPFdm5hmO561oiSekWxpOJ+EcpIPjeOhGtSUsXPRTzkokliosbQkuW\/txegIwSQcD790FTwfZsrtmZlzLcnKpbFgrocRso5vMdCwrEmJkjB2A+2S911M\/gqu7o6JNCH\/68L2cUyjShpV0MFrhXszSiuzjpkfAciQoyMmISYX6D8o43XhlV+IkrJE0E7XXeRg7+GGO5O8zYBMcpQCKOS0pngR1JmGSoEOWrD2bx7KIs+v5zKlWRc6tkU+kwbOB8TbNlj5lqtm8p0namp\/N0fx6kRyjAs5XIer2QRm2AJLaJ34fF2KcLZnThQh+oOWXzLzygww5RVugA3kYK9TrSUbPkZNiQCXOBpt1jZYTaV5TqblcTho3ZqW\/4M6lOkPvfWxtKHeYlmwbHnDm9VAR063S4HlPoHeRUu0vjPWLUFYphIkNq1jDCmdPKCQnTaOgaSicP32D4IGQ+HvIfT2UFsOANmHVhVZI0zEqUlrhbFfk5KJaqbimyB8C6foOrCEnhjRKx4aUzwJF26qcwihIKJzY9TDNF+ylO7h2BJIfAZMZr0BK0lTS1p411XZymmFaTcSiCSf+PUXOsXzMiseW2ncalS4JewnTrMW4cWlG0rHSxkpZYTZpMo+pYFbq0a1SK0bnWHw7iSpNoMwPU96BzeNmyQljsy6ykTm5mlV6gjkzSjmJOMT6SkJG\/AYZZHZhZaW0qlz6GrMml2rLKuBm60D1WNzOSabDjuduKlEFbYezGklzyDBFZ6K+ZOcseguZ26ZhvLktpWSpKPYZSGVgc1LFYXKZuRwJP8sPy8WcA\/atpIdhnt5Nd8snB5B38SxEP9ZsvMyNf8k3MIyTN9rcvoQl3hqtKk1nAUg0u9\/elxtn0Cx\/S1iMjZjSe\/p0R0q7p+FAUC7xPu6WX5\/z0Ln4NT1eZmLjH\/y3olHhXvm34SxXnn8Ecj6onVNDQ0NDQ0NDQ+MJ+A1FhIWlKD+KyQAAAABJRU5ErkJggg==\" alt=\"CAPTCHA image\" data-element-id=\"20\" width=\"115\" height=\"40\" \/><\/div><\/div><p class=\"quform-description quform-description-below\">Bu spam \u00f6nlememize yard\u0131mc\u0131 olur, te\u015fekk\u00fcrler.<\/p><\/div><\/div><\/div><div class=\"quform-element quform-element-submit quform-element-1_2 quform-cf quform-button-style-theme quform-button-width-full\"><div class=\"quform-button-submit quform-button-submit-default quform-button-submit-1_2\"><button name=\"quform_submit\" type=\"submit\" class=\"quform-submit\" value=\"submit\"><span class=\"quform-button-text quform-button-submit-text\">Send<\/span><\/button><\/div><div class=\"quform-loading quform-loading-position-left quform-loading-type-spinner-1\"><div class=\"quform-loading-inner\"><div class=\"quform-loading-spinner\"><div class=\"quform-loading-spinner-inner\"><\/div><\/div><\/div><\/div><\/div><div class=\"quform-element-tree\"><label for=\"quform_1_0_5bdeff\">This field should be left blank<\/label><input type=\"text\" id=\"quform_1_0_5bdeff\" name=\"quform_1_0\" class=\"quform-field quform-field-tree quform-field-1_0\" tabindex=\"-1\" autocomplete=\"off\" \/><\/div><\/div><\/div><\/div><\/div><\/form><\/div>\t\t\t\t\t\t\t\t<\/div>\n\t\t\t\t<\/div>\n\t\t\t\t\t<\/div>\n\t\t<\/div>\n\t\t\t\t\t<\/div>\n\t\t<\/section>\n\t\t<div class=\"elementor-element elementor-element-34738e4 e-con-full e-flex wpr-particle-no wpr-jarallax-no wpr-parallax-no wpr-sticky-section-no e-con e-parent\" data-id=\"34738e4\" data-element_type=\"container\">\n\t\t\t\t<div class=\"elementor-element elementor-element-1f60061 elementor-widget elementor-widget-google_maps\" data-id=\"1f60061\" data-element_type=\"widget\" data-widget_type=\"google_maps.default\">\n\t\t\t\t<div class=\"elementor-widget-container\">\n\t\t\t\t\t\t\t<div class=\"elementor-custom-embed\">\n\t\t\t<iframe loading=\"lazy\"\n\t\t\t\t\tsrc=\"https:\/\/maps.google.com\/maps?q=avc%C4%B1lar&#038;t=m&#038;z=16&#038;output=embed&#038;iwloc=near\"\n\t\t\t\t\ttitle=\"avc\u0131lar\"\n\t\t\t\t\taria-label=\"avc\u0131lar\"\n\t\t\t><\/iframe>\n\t\t<\/div>\n\t\t\t\t\t\t<\/div>\n\t\t\t\t<\/div>\n\t\t\t\t<\/div>\n\t\t\t\t<\/div>\n\t\t","protected":false},"excerpt":{"rendered":"<p>contact us home &#8211; contact Adelpak Ambalaj Contact Us Phone +90 530 389 88 00 E-Mail info@adelpak.com Address Atak\u00f6y Mh. 9.K\u0131s\u0131m Karanfil Sk. D21\/A Blok \u0130\u00e7 Kap\u0131 No: 3 34158 Bak\u0131rk\u00f6y \u2013 T\u00fcrkiye Adelpak Ambalaj Contact Form<\/p>\n","protected":false},"author":1,"featured_media":0,"parent":0,"menu_order":0,"comment_status":"closed","ping_status":"closed","template":"","meta":{"footnotes":""},"class_list":["post-256","page","type-page","status-publish","hentry"],"yoast_head":"<!-- This site is optimized with the Yoast SEO plugin v26.4 - https:\/\/yoast.com\/wordpress\/plugins\/seo\/ -->\n<title>Contact - Adelpak Ambalaj<\/title>\n<meta name=\"robots\" content=\"index, follow, max-snippet:-1, max-image-preview:large, max-video-preview:-1\" \/>\n<link rel=\"canonical\" href=\"https:\/\/adelpak.com\/en\/contact\/\" \/>\n<meta property=\"og:locale\" content=\"tr_TR\" \/>\n<meta property=\"og:type\" content=\"article\" \/>\n<meta property=\"og:title\" content=\"Contact - Adelpak Ambalaj\" \/>\n<meta property=\"og:description\" content=\"contact us home &#8211; contact Adelpak Ambalaj Contact Us Phone +90 530 389 88 00 E-Mail info@adelpak.com Address Atak\u00f6y Mh. 9.K\u0131s\u0131m Karanfil Sk. D21\/A Blok \u0130\u00e7 Kap\u0131 No: 3 34158 Bak\u0131rk\u00f6y \u2013 T\u00fcrkiye Adelpak Ambalaj Contact Form\" \/>\n<meta property=\"og:url\" content=\"https:\/\/adelpak.com\/en\/contact\/\" \/>\n<meta property=\"og:site_name\" content=\"Adelpak Ambalaj\" \/>\n<meta property=\"article:modified_time\" content=\"2025-11-16T07:50:14+00:00\" \/>\n<meta property=\"og:image\" content=\"https:\/\/adelpak.com\/en\/wp-content\/uploads\/2025\/10\/diger-posetleme-urunleri.jpg\" \/>\n\t<meta property=\"og:image:width\" content=\"900\" \/>\n\t<meta property=\"og:image:height\" content=\"900\" \/>\n\t<meta property=\"og:image:type\" content=\"image\/jpeg\" \/>\n<meta name=\"twitter:card\" content=\"summary_large_image\" \/>\n<meta name=\"twitter:label1\" content=\"Tahmini okuma s\u00fcresi\" \/>\n\t<meta name=\"twitter:data1\" content=\"1 dakika\" \/>\n<script type=\"application\/ld+json\" class=\"yoast-schema-graph\">{\"@context\":\"https:\/\/schema.org\",\"@graph\":[{\"@type\":\"WebPage\",\"@id\":\"https:\/\/adelpak.com\/en\/contact\/\",\"url\":\"https:\/\/adelpak.com\/en\/contact\/\",\"name\":\"Contact - Adelpak Ambalaj\",\"isPartOf\":{\"@id\":\"https:\/\/adelpak.com\/en\/#website\"},\"datePublished\":\"2021-09-03T07:36:58+00:00\",\"dateModified\":\"2025-11-16T07:50:14+00:00\",\"breadcrumb\":{\"@id\":\"https:\/\/adelpak.com\/en\/contact\/#breadcrumb\"},\"inLanguage\":\"tr\",\"potentialAction\":[{\"@type\":\"ReadAction\",\"target\":[\"https:\/\/adelpak.com\/en\/contact\/\"]}]},{\"@type\":\"BreadcrumbList\",\"@id\":\"https:\/\/adelpak.com\/en\/contact\/#breadcrumb\",\"itemListElement\":[{\"@type\":\"ListItem\",\"position\":1,\"name\":\"Anasayfa\",\"item\":\"https:\/\/adelpak.com\/en\/\"},{\"@type\":\"ListItem\",\"position\":2,\"name\":\"Contact\"}]},{\"@type\":\"WebSite\",\"@id\":\"https:\/\/adelpak.com\/en\/#website\",\"url\":\"https:\/\/adelpak.com\/en\/\",\"name\":\"Adelpak\",\"description\":\"\",\"publisher\":{\"@id\":\"https:\/\/adelpak.com\/en\/#organization\"},\"alternateName\":\"Doypack Packaging\",\"potentialAction\":[{\"@type\":\"SearchAction\",\"target\":{\"@type\":\"EntryPoint\",\"urlTemplate\":\"https:\/\/adelpak.com\/en\/?s={search_term_string}\"},\"query-input\":{\"@type\":\"PropertyValueSpecification\",\"valueRequired\":true,\"valueName\":\"search_term_string\"}}],\"inLanguage\":\"tr\"},{\"@type\":\"Organization\",\"@id\":\"https:\/\/adelpak.com\/en\/#organization\",\"name\":\"Adelpak\",\"alternateName\":\"Doypack Ambalaj\",\"url\":\"https:\/\/adelpak.com\/en\/\",\"logo\":{\"@type\":\"ImageObject\",\"inLanguage\":\"tr\",\"@id\":\"https:\/\/adelpak.com\/en\/#\/schema\/logo\/image\/\",\"url\":\"\",\"contentUrl\":\"\",\"caption\":\"Adelpak\"},\"image\":{\"@id\":\"https:\/\/adelpak.com\/en\/#\/schema\/logo\/image\/\"}}]}<\/script>\n<!-- \/ Yoast SEO plugin. -->","yoast_head_json":{"title":"Contact - Adelpak Ambalaj","robots":{"index":"index","follow":"follow","max-snippet":"max-snippet:-1","max-image-preview":"max-image-preview:large","max-video-preview":"max-video-preview:-1"},"canonical":"https:\/\/adelpak.com\/en\/contact\/","og_locale":"tr_TR","og_type":"article","og_title":"Contact - Adelpak Ambalaj","og_description":"contact us home &#8211; contact Adelpak Ambalaj Contact Us Phone +90 530 389 88 00 E-Mail info@adelpak.com Address Atak\u00f6y Mh. 9.K\u0131s\u0131m Karanfil Sk. D21\/A Blok \u0130\u00e7 Kap\u0131 No: 3 34158 Bak\u0131rk\u00f6y \u2013 T\u00fcrkiye Adelpak Ambalaj Contact Form","og_url":"https:\/\/adelpak.com\/en\/contact\/","og_site_name":"Adelpak Ambalaj","article_modified_time":"2025-11-16T07:50:14+00:00","og_image":[{"width":900,"height":900,"url":"https:\/\/adelpak.com\/en\/wp-content\/uploads\/2025\/10\/diger-posetleme-urunleri.jpg","type":"image\/jpeg"}],"twitter_card":"summary_large_image","twitter_misc":{"Tahmini okuma s\u00fcresi":"1 dakika"},"schema":{"@context":"https:\/\/schema.org","@graph":[{"@type":"WebPage","@id":"https:\/\/adelpak.com\/en\/contact\/","url":"https:\/\/adelpak.com\/en\/contact\/","name":"Contact - Adelpak Ambalaj","isPartOf":{"@id":"https:\/\/adelpak.com\/en\/#website"},"datePublished":"2021-09-03T07:36:58+00:00","dateModified":"2025-11-16T07:50:14+00:00","breadcrumb":{"@id":"https:\/\/adelpak.com\/en\/contact\/#breadcrumb"},"inLanguage":"tr","potentialAction":[{"@type":"ReadAction","target":["https:\/\/adelpak.com\/en\/contact\/"]}]},{"@type":"BreadcrumbList","@id":"https:\/\/adelpak.com\/en\/contact\/#breadcrumb","itemListElement":[{"@type":"ListItem","position":1,"name":"Anasayfa","item":"https:\/\/adelpak.com\/en\/"},{"@type":"ListItem","position":2,"name":"Contact"}]},{"@type":"WebSite","@id":"https:\/\/adelpak.com\/en\/#website","url":"https:\/\/adelpak.com\/en\/","name":"Adelpak","description":"","publisher":{"@id":"https:\/\/adelpak.com\/en\/#organization"},"alternateName":"Doypack Packaging","potentialAction":[{"@type":"SearchAction","target":{"@type":"EntryPoint","urlTemplate":"https:\/\/adelpak.com\/en\/?s={search_term_string}"},"query-input":{"@type":"PropertyValueSpecification","valueRequired":true,"valueName":"search_term_string"}}],"inLanguage":"tr"},{"@type":"Organization","@id":"https:\/\/adelpak.com\/en\/#organization","name":"Adelpak","alternateName":"Doypack Ambalaj","url":"https:\/\/adelpak.com\/en\/","logo":{"@type":"ImageObject","inLanguage":"tr","@id":"https:\/\/adelpak.com\/en\/#\/schema\/logo\/image\/","url":"","contentUrl":"","caption":"Adelpak"},"image":{"@id":"https:\/\/adelpak.com\/en\/#\/schema\/logo\/image\/"}}]}},"_links":{"self":[{"href":"https:\/\/adelpak.com\/en\/wp-json\/wp\/v2\/pages\/256","targetHints":{"allow":["GET"]}}],"collection":[{"href":"https:\/\/adelpak.com\/en\/wp-json\/wp\/v2\/pages"}],"about":[{"href":"https:\/\/adelpak.com\/en\/wp-json\/wp\/v2\/types\/page"}],"author":[{"embeddable":true,"href":"https:\/\/adelpak.com\/en\/wp-json\/wp\/v2\/users\/1"}],"replies":[{"embeddable":true,"href":"https:\/\/adelpak.com\/en\/wp-json\/wp\/v2\/comments?post=256"}],"version-history":[{"count":74,"href":"https:\/\/adelpak.com\/en\/wp-json\/wp\/v2\/pages\/256\/revisions"}],"predecessor-version":[{"id":3783,"href":"https:\/\/adelpak.com\/en\/wp-json\/wp\/v2\/pages\/256\/revisions\/3783"}],"wp:attachment":[{"href":"https:\/\/adelpak.com\/en\/wp-json\/wp\/v2\/media?parent=256"}],"curies":[{"name":"wp","href":"https:\/\/api.w.org\/{rel}","templated":true}]}}